{"id":1810,"date":"2025-11-13T15:04:39","date_gmt":"2025-11-13T14:04:39","guid":{"rendered":"https:\/\/lamalakanerja.com\/?page_id=1810"},"modified":"2026-03-26T21:01:15","modified_gmt":"2026-03-26T20:01:15","slug":"lajarana","status":"publish","type":"page","link":"https:\/\/lamalakanerja.com\/fr\/lajarana\/","title":{"rendered":"LAJARANA"},"content":{"rendered":"<div data-elementor-type=\"wp-page\" data-elementor-id=\"1810\" class=\"elementor elementor-1810\" data-elementor-post-type=\"page\">\n\t\t\t\t<div class=\"elementor-element elementor-element-bc2748f e-con-full e-flex e-con e-parent\" data-id=\"bc2748f\" data-element_type=\"container\" data-settings=\"{&quot;background_background&quot;:&quot;slideshow&quot;,&quot;background_slideshow_gallery&quot;:[{&quot;id&quot;:1777,&quot;url&quot;:&quot;https:\\\/\\\/lamalakanerja.com\\\/wp-content\\\/uploads\\\/DSC06662.jpg&quot;},{&quot;id&quot;:1725,&quot;url&quot;:&quot;https:\\\/\\\/lamalakanerja.com\\\/wp-content\\\/uploads\\\/DSC06433.jpg&quot;},{&quot;id&quot;:1726,&quot;url&quot;:&quot;https:\\\/\\\/lamalakanerja.com\\\/wp-content\\\/uploads\\\/DSC06663.jpg&quot;},{&quot;id&quot;:1723,&quot;url&quot;:&quot;https:\\\/\\\/lamalakanerja.com\\\/wp-content\\\/uploads\\\/DSC05353.jpg&quot;},{&quot;id&quot;:1744,&quot;url&quot;:&quot;https:\\\/\\\/lamalakanerja.com\\\/wp-content\\\/uploads\\\/DSC06527.jpg&quot;},{&quot;id&quot;:1741,&quot;url&quot;:&quot;https:\\\/\\\/lamalakanerja.com\\\/wp-content\\\/uploads\\\/DSC06529.jpg&quot;}],&quot;background_slideshow_transition_duration&quot;:350,&quot;background_slideshow_loop&quot;:&quot;yes&quot;,&quot;background_slideshow_slide_duration&quot;:5000,&quot;background_slideshow_slide_transition&quot;:&quot;fade&quot;}\">\n\t\t\t\t<div class=\"elementor-element elementor-element-af4e751 elementor-widget__width-inherit elementor-widget elementor-widget-heading\" data-id=\"af4e751\" data-element_type=\"widget\" data-widget_type=\"heading.default\">\n\t\t\t\t\t<h2 class=\"elementor-heading-title elementor-size-default\">lajarana<br><br>donner \u00e0 boire \u00e0 la vie<\/h2>\t\t\t\t<\/div>\n\t\t\t\t<div class=\"elementor-element elementor-element-b4f27f0 elementor-align-center elementor-widget elementor-widget-button\" data-id=\"b4f27f0\" data-element_type=\"widget\" data-widget_type=\"button.default\">\n\t\t\t\t\t\t\t\t\t\t<a class=\"elementor-button elementor-button-link elementor-size-sm\" href=\"https:\/\/lamalakanerja.com\/fr\/reservas\/\">\n\t\t\t\t\t\t<span class=\"elementor-button-content-wrapper\">\n\t\t\t\t\t\t\t\t\t<span class=\"elementor-button-text\">R\u00c9SERVE<\/span>\n\t\t\t\t\t<\/span>\n\t\t\t\t\t<\/a>\n\t\t\t\t\t\t\t\t<\/div>\n\t\t\t\t<div class=\"elementor-element elementor-element-ae51005 elementor-widget elementor-widget-spacer\" data-id=\"ae51005\" data-element_type=\"widget\" data-widget_type=\"spacer.default\">\n\t\t\t\t\t\t\t<div class=\"elementor-spacer\">\n\t\t\t<div class=\"elementor-spacer-inner\"><\/div>\n\t\t<\/div>\n\t\t\t\t\t\t<\/div>\n\t\t\t\t<\/div>\n\t\t<div class=\"elementor-element elementor-element-097d21c e-flex e-con-boxed e-con e-parent\" data-id=\"097d21c\" data-element_type=\"container\">\n\t\t\t\t\t<div class=\"e-con-inner\">\n\t\t\t\t<div class=\"elementor-element elementor-element-e5d3ea7 elementor-widget elementor-widget-spacer\" data-id=\"e5d3ea7\" data-element_type=\"widget\" data-widget_type=\"spacer.default\">\n\t\t\t\t\t\t\t<div class=\"elementor-spacer\">\n\t\t\t<div class=\"elementor-spacer-inner\"><\/div>\n\t\t<\/div>\n\t\t\t\t\t\t<\/div>\n\t\t\t\t\t<\/div>\n\t\t\t\t<\/div>\n\t\t<div class=\"elementor-element elementor-element-d0f851c elementor-hidden-desktop e-flex e-con-boxed e-con e-parent\" data-id=\"d0f851c\" data-element_type=\"container\">\n\t\t\t\t\t<div class=\"e-con-inner\">\n\t\t\t\t<div class=\"elementor-element elementor-element-e0068d4 elementor-widget elementor-widget-heading\" data-id=\"e0068d4\" data-element_type=\"widget\" data-widget_type=\"heading.default\">\n\t\t\t\t\t<h2 class=\"elementor-heading-title elementor-size-default\">lajarana<\/h2>\t\t\t\t<\/div>\n\t\t<div class=\"elementor-element elementor-element-e8bea58 e-con-full e-flex e-con e-child\" data-id=\"e8bea58\" data-element_type=\"container\">\n\t\t\t\t<div class=\"elementor-element elementor-element-d53a732 elementor-widget elementor-widget-text-editor\" data-id=\"d53a732\" data-element_type=\"widget\" data-widget_type=\"text-editor.default\">\n\t\t\t\t\t\t\t\t\t<p>L'endroit o\u00f9 la nuit s'anime.<\/p><p><br data-start=\"189\" data-end=\"192\">Du rythme, de l'\u00e9nergie et une atmosph\u00e8re qui vous invite \u00e0 c\u00e9l\u00e9brer chaque instant face \u00e0 la mer.<\/p><p><br data-start=\"271\" data-end=\"274\">Trinquez, dansez et laissez-vous emporter par la magie de LaMalaka au coucher du soleil.<\/p><p><br data-start=\"347\" data-end=\"350\">Au <strong data-start=\"353\" data-end=\"365\" data-is-only-node=\"\">LaJarana<\/strong>Les meilleures nuits commencent... et aucune n'est jamais oubli\u00e9e.<\/p>\t\t\t\t\t\t\t\t<\/div>\n\t\t\t\t<\/div>\n\t\t\t\t\t<\/div>\n\t\t\t\t<\/div>\n\t\t<div class=\"elementor-element elementor-element-8154da5 e-grid elementor-hidden-tablet elementor-hidden-mobile e-con-boxed e-con e-parent\" data-id=\"8154da5\" data-element_type=\"container\">\n\t\t\t\t\t<div class=\"e-con-inner\">\n\t\t\t\t<div class=\"elementor-element elementor-element-e54d72c elementor-widget elementor-widget-heading\" data-id=\"e54d72c\" data-element_type=\"widget\" data-widget_type=\"heading.default\">\n\t\t\t\t\t<h2 class=\"elementor-heading-title elementor-size-default\">L'endroit o\u00f9 la nuit s'anime.<br>\nDu rythme, de l'\u00e9nergie et une atmosph\u00e8re qui vous invite \u00e0 c\u00e9l\u00e9brer chaque instant face \u00e0 la mer.<br>\nTrinquez, dansez et laissez-vous emporter par la magie de LaMalaka au coucher du soleil.<br>\nAu <strong>LaJarana<\/strong>Les meilleures nuits commencent... et aucune n'est jamais oubli\u00e9e.<\/h2>\t\t\t\t<\/div>\n\t\t\t\t<div class=\"elementor-element elementor-element-4ef23c4 elementor-widget elementor-widget-image\" data-id=\"4ef23c4\" data-element_type=\"widget\" data-widget_type=\"image.default\">\n\t\t\t\t\t\t\t\t\t\t\t\t\t\t\t<img fetchpriority=\"high\" decoding=\"async\" width=\"1152\" height=\"2048\" src=\"https:\/\/lamalakanerja.com\/wp-content\/uploads\/DSC06712.jpg\" class=\"attachment-large size-large wp-image-1760\" alt=\"\" srcset=\"https:\/\/lamalakanerja.com\/wp-content\/uploads\/DSC06712.jpg 1152w, https:\/\/lamalakanerja.com\/wp-content\/uploads\/DSC06712-768x1365.jpg 768w, https:\/\/lamalakanerja.com\/wp-content\/uploads\/DSC06712-864x1536.jpg 864w, https:\/\/lamalakanerja.com\/wp-content\/uploads\/DSC06712-7x12.jpg 7w\" sizes=\"(max-width: 1152px) 100vw, 1152px\" \/>\t\t\t\t\t\t\t\t\t\t\t\t\t\t\t<\/div>\n\t\t\t\t<div class=\"elementor-element elementor-element-70b4586 elementor-widget elementor-widget-image\" data-id=\"70b4586\" data-element_type=\"widget\" data-widget_type=\"image.default\">\n\t\t\t\t\t\t\t\t\t\t\t\t\t\t\t<img decoding=\"async\" width=\"1152\" height=\"2048\" src=\"https:\/\/lamalakanerja.com\/wp-content\/uploads\/DSC06663.jpg\" class=\"attachment-large size-large wp-image-1726\" alt=\"\" srcset=\"https:\/\/lamalakanerja.com\/wp-content\/uploads\/DSC06663.jpg 1152w, https:\/\/lamalakanerja.com\/wp-content\/uploads\/DSC06663-768x1365.jpg 768w, https:\/\/lamalakanerja.com\/wp-content\/uploads\/DSC06663-864x1536.jpg 864w, https:\/\/lamalakanerja.com\/wp-content\/uploads\/DSC06663-7x12.jpg 7w\" sizes=\"(max-width: 1152px) 100vw, 1152px\" \/>\t\t\t\t\t\t\t\t\t\t\t\t\t\t\t<\/div>\n\t\t\t\t\t<\/div>\n\t\t\t\t<\/div>\n\t\t<div class=\"elementor-element elementor-element-afd5a88 e-flex e-con-boxed e-con e-parent\" data-id=\"afd5a88\" data-element_type=\"container\">\n\t\t\t\t\t<div class=\"e-con-inner\">\n\t\t\t\t<div class=\"elementor-element elementor-element-9451089 elementor-widget elementor-widget-spacer\" data-id=\"9451089\" data-element_type=\"widget\" data-widget_type=\"spacer.default\">\n\t\t\t\t\t\t\t<div class=\"elementor-spacer\">\n\t\t\t<div class=\"elementor-spacer-inner\"><\/div>\n\t\t<\/div>\n\t\t\t\t\t\t<\/div>\n\t\t\t\t<div class=\"elementor-element elementor-element-e1885e2 elementor-widget elementor-widget-heading\" data-id=\"e1885e2\" data-element_type=\"widget\" data-widget_type=\"heading.default\">\n\t\t\t\t\t<h2 class=\"elementor-heading-title elementor-size-default\">LAJARANA : VIVRE LA NUIT, PROFITER LE JOUR<\/h2>\t\t\t\t<\/div>\n\t\t\t\t<div class=\"elementor-element elementor-element-05f5dbe elementor-widget elementor-widget-text-editor\" data-id=\"05f5dbe\" data-element_type=\"widget\" data-widget_type=\"text-editor.default\">\n\t\t\t\t\t\t\t\t\t<p>Jour et nuit, de l'heure du d\u00e9jeuner jusqu'\u00e0 ce que la lune nous accueille. Ici, vous pouvez d\u00e9jeuner, d\u00eener et passer la soir\u00e9e. Mais toujours avec un verre \u00e0 la main.<\/p>\t\t\t\t\t\t\t\t<\/div>\n\t\t\t\t<div class=\"elementor-element elementor-element-f3c71c3 elementor-widget elementor-widget-spacer\" data-id=\"f3c71c3\" data-element_type=\"widget\" data-widget_type=\"spacer.default\">\n\t\t\t\t\t\t\t<div class=\"elementor-spacer\">\n\t\t\t<div class=\"elementor-spacer-inner\"><\/div>\n\t\t<\/div>\n\t\t\t\t\t\t<\/div>\n\t\t\t\t<div class=\"elementor-element elementor-element-5d6a0b8 elementor-widget elementor-widget-heading\" data-id=\"5d6a0b8\" data-element_type=\"widget\" data-widget_type=\"heading.default\">\n\t\t\t\t\t<h2 class=\"elementor-heading-title elementor-size-default\">MOMENTS LAJARANA<\/h2>\t\t\t\t<\/div>\n\t\t<div class=\"elementor-element elementor-element-439d4fb e-grid e-con-full e-con e-child\" data-id=\"439d4fb\" data-element_type=\"container\">\n\t\t\t\t<div class=\"elementor-element elementor-element-a773108 elementor-cta--skin-cover elementor-widget elementor-widget-call-to-action\" data-id=\"a773108\" data-element_type=\"widget\" data-widget_type=\"call-to-action.default\">\n\t\t\t\t\t\t\t<div class=\"elementor-cta\">\n\t\t\t\t\t<div class=\"elementor-cta__bg-wrapper\">\n\t\t\t\t<div class=\"elementor-cta__bg elementor-bg\" style=\"background-image: url(https:\/\/lamalakanerja.com\/wp-content\/uploads\/DSC06575-2.jpg);\" role=\"img\" aria-label=\"DSC06575-2\"><\/div>\n\t\t\t\t<div class=\"elementor-cta__bg-overlay\"><\/div>\n\t\t\t<\/div>\n\t\t\t\t\t\t\t<div class=\"elementor-cta__content\">\n\t\t\t\t\n\t\t\t\t\t\t\t\t\t<h2 class=\"elementor-cta__title elementor-cta__content-item elementor-content-item\">\n\t\t\t\t\t\td\u00e9jeuner et d\u00eener\t\t\t\t\t<\/h2>\n\t\t\t\t\n\t\t\t\t\t\t\t\t\t<div class=\"elementor-cta__description elementor-cta__content-item elementor-content-item\">\n\t\t\t\t\t\tLa vraie cuisine m\u00e9diterran\u00e9enne\t\t\t\t\t<\/div>\n\t\t\t\t\n\t\t\t\t\t\t\t\t\t<div class=\"elementor-cta__button-wrapper elementor-cta__content-item elementor-content-item\">\n\t\t\t\t\t<a class=\"elementor-cta__button elementor-button elementor-size-\" href=\"https:\/\/qr.gourmeatsapp.com\/main\/nvpMw6uPFI8rALyFdKKa\">\n\t\t\t\t\t\tLETTRE\t\t\t\t\t<\/a>\n\t\t\t\t\t<\/div>\n\t\t\t\t\t\t\t<\/div>\n\t\t\t\t\t\t<\/div>\n\t\t\t\t\t\t<\/div>\n\t\t\t\t<div class=\"elementor-element elementor-element-5bb2161 elementor-cta--skin-cover elementor-widget elementor-widget-call-to-action\" data-id=\"5bb2161\" data-element_type=\"widget\" data-widget_type=\"call-to-action.default\">\n\t\t\t\t\t\t\t<div class=\"elementor-cta\">\n\t\t\t\t\t<div class=\"elementor-cta__bg-wrapper\">\n\t\t\t\t<div class=\"elementor-cta__bg elementor-bg\" style=\"background-image: url(https:\/\/lamalakanerja.com\/wp-content\/uploads\/DSC06433.jpg);\" role=\"img\" aria-label=\"DSC06433\"><\/div>\n\t\t\t\t<div class=\"elementor-cta__bg-overlay\"><\/div>\n\t\t\t<\/div>\n\t\t\t\t\t\t\t<div class=\"elementor-cta__content\">\n\t\t\t\t\n\t\t\t\t\t\t\t\t\t<h2 class=\"elementor-cta__title elementor-cta__content-item elementor-content-item\">\n\t\t\t\t\t\tboire\t\t\t\t\t<\/h2>\n\t\t\t\t\n\t\t\t\t\t\t\t\t\t<div class=\"elementor-cta__description elementor-cta__content-item elementor-content-item\">\n\t\t\t\t\t\tPrenez une gorg\u00e9e de vie\t\t\t\t\t<\/div>\n\t\t\t\t\n\t\t\t\t\t\t\t\t\t<div class=\"elementor-cta__button-wrapper elementor-cta__content-item elementor-content-item\">\n\t\t\t\t\t<a class=\"elementor-cta__button elementor-button elementor-size-\" href=\"https:\/\/lamalakanerja.com\/wp-content\/uploads\/CARTA-jarana-BEBIDAS-septiembrer25.pdf\">\n\t\t\t\t\t\tLETTRE\t\t\t\t\t<\/a>\n\t\t\t\t\t<\/div>\n\t\t\t\t\t\t\t<\/div>\n\t\t\t\t\t\t<\/div>\n\t\t\t\t\t\t<\/div>\n\t\t\t\t<div class=\"elementor-element elementor-element-a4dd23f elementor-cta--skin-cover elementor-widget elementor-widget-call-to-action\" data-id=\"a4dd23f\" data-element_type=\"widget\" data-widget_type=\"call-to-action.default\">\n\t\t\t\t\t\t\t<div class=\"elementor-cta\">\n\t\t\t\t\t<div class=\"elementor-cta__bg-wrapper\">\n\t\t\t\t<div class=\"elementor-cta__bg elementor-bg\" style=\"background-image: url(https:\/\/lamalakanerja.com\/wp-content\/uploads\/DSC06662.jpg);\" role=\"img\" aria-label=\"DSC06662\"><\/div>\n\t\t\t\t<div class=\"elementor-cta__bg-overlay\"><\/div>\n\t\t\t<\/div>\n\t\t\t\t\t\t\t<div class=\"elementor-cta__content\">\n\t\t\t\t\n\t\t\t\t\t\t\t\t\t<h2 class=\"elementor-cta__title elementor-cta__content-item elementor-content-item\">\n\t\t\t\t\t\tbar \u00e0 cocktails\t\t\t\t\t<\/h2>\n\t\t\t\t\n\t\t\t\t\t\t\t\t\t<div class=\"elementor-cta__description elementor-cta__content-item elementor-content-item\">\n\t\t\t\t\t\tSeuls les audacieux entrent ici\t\t\t\t\t<\/div>\n\t\t\t\t\n\t\t\t\t\t\t\t\t\t<div class=\"elementor-cta__button-wrapper elementor-cta__content-item elementor-content-item\">\n\t\t\t\t\t<a class=\"elementor-cta__button elementor-button elementor-size-\" href=\"https:\/\/qr.gourmeatsapp.com\/main\/nvpMw6uPFI8rALyFdKKa\">\n\t\t\t\t\t\tLETTRE\t\t\t\t\t<\/a>\n\t\t\t\t\t<\/div>\n\t\t\t\t\t\t\t<\/div>\n\t\t\t\t\t\t<\/div>\n\t\t\t\t\t\t<\/div>\n\t\t\t\t<\/div>\n\t\t\t\t\t<\/div>\n\t\t\t\t<\/div>\n\t\t<div class=\"elementor-element elementor-element-00f038f e-flex e-con-boxed e-con e-parent\" data-id=\"00f038f\" data-element_type=\"container\">\n\t\t\t\t\t<div class=\"e-con-inner\">\n\t\t\t\t<div class=\"elementor-element elementor-element-81d5c33 elementor-widget elementor-widget-spacer\" data-id=\"81d5c33\" data-element_type=\"widget\" data-widget_type=\"spacer.default\">\n\t\t\t\t\t\t\t<div class=\"elementor-spacer\">\n\t\t\t<div class=\"elementor-spacer-inner\"><\/div>\n\t\t<\/div>\n\t\t\t\t\t\t<\/div>\n\t\t\t\t\t<\/div>\n\t\t\t\t<\/div>\n\t\t<div class=\"elementor-element elementor-element-ef5acba e-flex e-con-boxed e-con e-parent\" data-id=\"ef5acba\" data-element_type=\"container\">\n\t\t\t\t\t<div class=\"e-con-inner\">\n\t\t\t\t<div class=\"elementor-element elementor-element-c750548 elementor-widget elementor-widget-heading\" data-id=\"c750548\" data-element_type=\"widget\" data-widget_type=\"heading.default\">\n\t\t\t\t\t<h2 class=\"elementor-heading-title elementor-size-default\">R\u00c9SERVE<\/h2>\t\t\t\t<\/div>\n\t\t\t\t<div class=\"elementor-element elementor-element-fecd326 elementor-widget elementor-widget-shortcode\" data-id=\"fecd326\" data-element_type=\"widget\" data-widget_type=\"shortcode.default\">\n\t\t\t\t\t\t\t<div class=\"elementor-shortcode\"><script type=\"text\/javascript\" src=\"https:\/\/www.covermanager.com\/js\/iframeResizer\/iframeResizer.min.js\"><\/script>\n\n<div class=\"mi-iframe-es\">\n    <iframe id=\"la-malaca-nerja-beach-experience-es\" title=\"R\u00e9servations\"\n        src=\"https:\/\/www.covermanager.com\/reservation\/module_restaurant\/la-malaca-nerja-beach-experience\/spanish\"\n        allow=\"payment\" frameborder=\"0\" height=\"550\" width=\"100%\" onload=\"iFrameResize();\">\n    <\/iframe>\n<\/div>\n\n<div class=\"mi-iframe-en\">\n    <iframe id=\"la-malaca-nerja-beach-experience-en\" title=\"R\u00e9servations\"\n        src=\"https:\/\/www.covermanager.com\/reservation\/module_restaurant\/la-malaca-nerja-beach-experience\/english\"\n        allow=\"payment\" frameborder=\"0\" height=\"550\" width=\"100%\" onload=\"iFrameResize();\">\n    <\/iframe>\n<\/div><\/div>\n\t\t\t\t\t\t<\/div>\n\t\t\t\t<div class=\"elementor-element elementor-element-dca4942 elementor-widget elementor-widget-spacer\" data-id=\"dca4942\" data-element_type=\"widget\" data-widget_type=\"spacer.default\">\n\t\t\t\t\t\t\t<div class=\"elementor-spacer\">\n\t\t\t<div class=\"elementor-spacer-inner\"><\/div>\n\t\t<\/div>\n\t\t\t\t\t\t<\/div>\n\t\t\t\t\t<\/div>\n\t\t\t\t<\/div>\n\t\t\t\t<\/div>","protected":false},"excerpt":{"rendered":"<p>lajarana give life a drink RESERVA lajarana L'endroit o\u00f9 la nuit s'anime. Du rythme, de l'\u00e9nergie et une atmosph\u00e8re qui vous invite \u00e0 c\u00e9l\u00e9brer chaque instant face \u00e0 la mer. Trinquez, dansez et laissez-vous emporter par la magie de LaMalaka au coucher du soleil. \u00c0 LaJarana, les meilleures nuits commencent... et aucune ne s'oublie. Les [...]<\/p>","protected":false},"author":7,"featured_media":0,"parent":0,"menu_order":0,"comment_status":"closed","ping_status":"closed","template":"","meta":{"footnotes":""},"class_list":["post-1810","page","type-page","status-publish","hentry"],"yoast_head":"<!-- This site is optimized with the Yoast SEO plugin v25.5 - https:\/\/yoast.com\/wordpress\/plugins\/seo\/ -->\n<title>LAJARANA - LaMalaka<\/title>\n<meta name=\"robots\" content=\"index, follow, max-snippet:-1, max-image-preview:large, max-video-preview:-1\" \/>\n<link rel=\"canonical\" href=\"https:\/\/lamalakanerja.com\/fr\/lajarana\/\" \/>\n<meta property=\"og:locale\" content=\"fr_FR\" \/>\n<meta property=\"og:type\" content=\"article\" \/>\n<meta property=\"og:title\" content=\"LAJARANA - LaMalaka\" \/>\n<meta property=\"og:description\" content=\"lajarana dale un trago a la vida RESERVA lajarana El lugar donde la noche cobra vida. Ritmo, energ\u00eda y un ambiente que invita a celebrar cada instante frente al mar. Brinda, baila y d\u00e9jate llevar por la magia de LaMalaka cuando cae el sol. En LaJarana, las mejores noches empiezan\u2026 y ninguna se olvida. El [&hellip;]\" \/>\n<meta property=\"og:url\" content=\"https:\/\/lamalakanerja.com\/fr\/lajarana\/\" \/>\n<meta property=\"og:site_name\" content=\"LaMalaka\" \/>\n<meta property=\"article:modified_time\" content=\"2026-03-26T20:01:15+00:00\" \/>\n<meta property=\"og:image\" content=\"https:\/\/lamalakanerja.com\/wp-content\/uploads\/DSC06712.jpg\" \/>\n\t<meta property=\"og:image:width\" content=\"1152\" \/>\n\t<meta property=\"og:image:height\" content=\"2048\" \/>\n\t<meta property=\"og:image:type\" content=\"image\/jpeg\" \/>\n<meta name=\"twitter:card\" content=\"summary_large_image\" \/>\n<meta name=\"twitter:label1\" content=\"Dur\u00e9e de lecture estim\u00e9e\" \/>\n\t<meta name=\"twitter:data1\" content=\"1 minute\" \/>\n<script type=\"application\/ld+json\" class=\"yoast-schema-graph\">{\"@context\":\"https:\/\/schema.org\",\"@graph\":[{\"@type\":\"WebPage\",\"@id\":\"https:\/\/lamalakanerja.com\/lajarana\/\",\"url\":\"https:\/\/lamalakanerja.com\/lajarana\/\",\"name\":\"LAJARANA - LaMalaka\",\"isPartOf\":{\"@id\":\"https:\/\/lamalakanerja.com\/#website\"},\"primaryImageOfPage\":{\"@id\":\"https:\/\/lamalakanerja.com\/lajarana\/#primaryimage\"},\"image\":{\"@id\":\"https:\/\/lamalakanerja.com\/lajarana\/#primaryimage\"},\"thumbnailUrl\":\"https:\/\/lamalakanerja.com\/wp-content\/uploads\/DSC06712.jpg\",\"datePublished\":\"2025-11-13T14:04:39+00:00\",\"dateModified\":\"2026-03-26T20:01:15+00:00\",\"breadcrumb\":{\"@id\":\"https:\/\/lamalakanerja.com\/lajarana\/#breadcrumb\"},\"inLanguage\":\"fr-FR\",\"potentialAction\":[{\"@type\":\"ReadAction\",\"target\":[\"https:\/\/lamalakanerja.com\/lajarana\/\"]}]},{\"@type\":\"ImageObject\",\"inLanguage\":\"fr-FR\",\"@id\":\"https:\/\/lamalakanerja.com\/lajarana\/#primaryimage\",\"url\":\"https:\/\/lamalakanerja.com\/wp-content\/uploads\/DSC06712.jpg\",\"contentUrl\":\"https:\/\/lamalakanerja.com\/wp-content\/uploads\/DSC06712.jpg\"},{\"@type\":\"BreadcrumbList\",\"@id\":\"https:\/\/lamalakanerja.com\/lajarana\/#breadcrumb\",\"itemListElement\":[{\"@type\":\"ListItem\",\"position\":1,\"name\":\"Portada\",\"item\":\"https:\/\/lamalakanerja.com\/\"},{\"@type\":\"ListItem\",\"position\":2,\"name\":\"LAJARANA\"}]},{\"@type\":\"WebSite\",\"@id\":\"https:\/\/lamalakanerja.com\/#website\",\"url\":\"https:\/\/lamalakanerja.com\/\",\"name\":\"LaMalaka\",\"description\":\"\",\"publisher\":{\"@id\":\"https:\/\/lamalakanerja.com\/#organization\"},\"potentialAction\":[{\"@type\":\"SearchAction\",\"target\":{\"@type\":\"EntryPoint\",\"urlTemplate\":\"https:\/\/lamalakanerja.com\/?s={search_term_string}\"},\"query-input\":{\"@type\":\"PropertyValueSpecification\",\"valueRequired\":true,\"valueName\":\"search_term_string\"}}],\"inLanguage\":\"fr-FR\"},{\"@type\":\"Organization\",\"@id\":\"https:\/\/lamalakanerja.com\/#organization\",\"name\":\"LaMalaka\",\"url\":\"https:\/\/lamalakanerja.com\/\",\"logo\":{\"@type\":\"ImageObject\",\"inLanguage\":\"fr-FR\",\"@id\":\"https:\/\/lamalakanerja.com\/#\/schema\/logo\/image\/\",\"url\":\"https:\/\/lamalakanerja.com\/wp-content\/uploads\/lamalaka-logo.svg\",\"contentUrl\":\"https:\/\/lamalakanerja.com\/wp-content\/uploads\/lamalaka-logo.svg\",\"width\":500,\"height\":51,\"caption\":\"LaMalaka\"},\"image\":{\"@id\":\"https:\/\/lamalakanerja.com\/#\/schema\/logo\/image\/\"}}]}<\/script>\n<!-- \/ Yoast SEO plugin. -->","yoast_head_json":{"title":"LAJARANA - LaMalaka","robots":{"index":"index","follow":"follow","max-snippet":"max-snippet:-1","max-image-preview":"max-image-preview:large","max-video-preview":"max-video-preview:-1"},"canonical":"https:\/\/lamalakanerja.com\/fr\/lajarana\/","og_locale":"fr_FR","og_type":"article","og_title":"LAJARANA - LaMalaka","og_description":"lajarana dale un trago a la vida RESERVA lajarana El lugar donde la noche cobra vida. Ritmo, energ\u00eda y un ambiente que invita a celebrar cada instante frente al mar. Brinda, baila y d\u00e9jate llevar por la magia de LaMalaka cuando cae el sol. En LaJarana, las mejores noches empiezan\u2026 y ninguna se olvida. El [&hellip;]","og_url":"https:\/\/lamalakanerja.com\/fr\/lajarana\/","og_site_name":"LaMalaka","article_modified_time":"2026-03-26T20:01:15+00:00","og_image":[{"width":1152,"height":2048,"url":"https:\/\/lamalakanerja.com\/wp-content\/uploads\/DSC06712.jpg","type":"image\/jpeg"}],"twitter_card":"summary_large_image","twitter_misc":{"Dur\u00e9e de lecture estim\u00e9e":"1 minute"},"schema":{"@context":"https:\/\/schema.org","@graph":[{"@type":"WebPage","@id":"https:\/\/lamalakanerja.com\/lajarana\/","url":"https:\/\/lamalakanerja.com\/lajarana\/","name":"LAJARANA - LaMalaka","isPartOf":{"@id":"https:\/\/lamalakanerja.com\/#website"},"primaryImageOfPage":{"@id":"https:\/\/lamalakanerja.com\/lajarana\/#primaryimage"},"image":{"@id":"https:\/\/lamalakanerja.com\/lajarana\/#primaryimage"},"thumbnailUrl":"https:\/\/lamalakanerja.com\/wp-content\/uploads\/DSC06712.jpg","datePublished":"2025-11-13T14:04:39+00:00","dateModified":"2026-03-26T20:01:15+00:00","breadcrumb":{"@id":"https:\/\/lamalakanerja.com\/lajarana\/#breadcrumb"},"inLanguage":"fr-FR","potentialAction":[{"@type":"ReadAction","target":["https:\/\/lamalakanerja.com\/lajarana\/"]}]},{"@type":"ImageObject","inLanguage":"fr-FR","@id":"https:\/\/lamalakanerja.com\/lajarana\/#primaryimage","url":"https:\/\/lamalakanerja.com\/wp-content\/uploads\/DSC06712.jpg","contentUrl":"https:\/\/lamalakanerja.com\/wp-content\/uploads\/DSC06712.jpg"},{"@type":"BreadcrumbList","@id":"https:\/\/lamalakanerja.com\/lajarana\/#breadcrumb","itemListElement":[{"@type":"ListItem","position":1,"name":"Portada","item":"https:\/\/lamalakanerja.com\/"},{"@type":"ListItem","position":2,"name":"LAJARANA"}]},{"@type":"WebSite","@id":"https:\/\/lamalakanerja.com\/#website","url":"https:\/\/lamalakanerja.com\/","name":"LaMalaka","description":"","publisher":{"@id":"https:\/\/lamalakanerja.com\/#organization"},"potentialAction":[{"@type":"SearchAction","target":{"@type":"EntryPoint","urlTemplate":"https:\/\/lamalakanerja.com\/?s={search_term_string}"},"query-input":{"@type":"PropertyValueSpecification","valueRequired":true,"valueName":"search_term_string"}}],"inLanguage":"fr-FR"},{"@type":"Organization","@id":"https:\/\/lamalakanerja.com\/#organization","name":"LaMalaka","url":"https:\/\/lamalakanerja.com\/","logo":{"@type":"ImageObject","inLanguage":"fr-FR","@id":"https:\/\/lamalakanerja.com\/#\/schema\/logo\/image\/","url":"https:\/\/lamalakanerja.com\/wp-content\/uploads\/lamalaka-logo.svg","contentUrl":"https:\/\/lamalakanerja.com\/wp-content\/uploads\/lamalaka-logo.svg","width":500,"height":51,"caption":"LaMalaka"},"image":{"@id":"https:\/\/lamalakanerja.com\/#\/schema\/logo\/image\/"}}]}},"_links":{"self":[{"href":"https:\/\/lamalakanerja.com\/fr\/wp-json\/wp\/v2\/pages\/1810","targetHints":{"allow":["GET"]}}],"collection":[{"href":"https:\/\/lamalakanerja.com\/fr\/wp-json\/wp\/v2\/pages"}],"about":[{"href":"https:\/\/lamalakanerja.com\/fr\/wp-json\/wp\/v2\/types\/page"}],"author":[{"embeddable":true,"href":"https:\/\/lamalakanerja.com\/fr\/wp-json\/wp\/v2\/users\/7"}],"replies":[{"embeddable":true,"href":"https:\/\/lamalakanerja.com\/fr\/wp-json\/wp\/v2\/comments?post=1810"}],"version-history":[{"count":0,"href":"https:\/\/lamalakanerja.com\/fr\/wp-json\/wp\/v2\/pages\/1810\/revisions"}],"wp:attachment":[{"href":"https:\/\/lamalakanerja.com\/fr\/wp-json\/wp\/v2\/media?parent=1810"}],"curies":[{"name":"wp","href":"https:\/\/api.w.org\/{rel}","templated":true}]}}