{"id":1818,"date":"2025-11-13T15:08:53","date_gmt":"2025-11-13T14:08:53","guid":{"rendered":"https:\/\/lamalakanerja.com\/?page_id=1818"},"modified":"2026-04-06T14:02:51","modified_gmt":"2026-04-06T12:02:51","slug":"lahamaka","status":"publish","type":"page","link":"https:\/\/lamalakanerja.com\/en\/lahamaka\/","title":{"rendered":"LAHAMAKA"},"content":{"rendered":"<div data-elementor-type=\"wp-page\" data-elementor-id=\"1818\" class=\"elementor elementor-1818\" data-elementor-post-type=\"page\">\n\t\t\t\t<div class=\"elementor-element elementor-element-bc2748f e-con-full e-flex e-con e-parent\" data-id=\"bc2748f\" data-element_type=\"container\" data-settings=\"{&quot;background_background&quot;:&quot;slideshow&quot;,&quot;background_slideshow_gallery&quot;:[{&quot;id&quot;:1731,&quot;url&quot;:&quot;https:\\\/\\\/lamalakanerja.com\\\/wp-content\\\/uploads\\\/DSC05496.jpg&quot;},{&quot;id&quot;:1717,&quot;url&quot;:&quot;https:\\\/\\\/lamalakanerja.com\\\/wp-content\\\/uploads\\\/DSC04564.jpg&quot;},{&quot;id&quot;:1735,&quot;url&quot;:&quot;https:\\\/\\\/lamalakanerja.com\\\/wp-content\\\/uploads\\\/DSC05463.jpg&quot;},{&quot;id&quot;:1730,&quot;url&quot;:&quot;https:\\\/\\\/lamalakanerja.com\\\/wp-content\\\/uploads\\\/DSC05258.jpg&quot;},{&quot;id&quot;:1755,&quot;url&quot;:&quot;https:\\\/\\\/lamalakanerja.com\\\/wp-content\\\/uploads\\\/DSC06585-1.jpg&quot;}],&quot;background_slideshow_transition_duration&quot;:350,&quot;background_slideshow_loop&quot;:&quot;yes&quot;,&quot;background_slideshow_slide_duration&quot;:5000,&quot;background_slideshow_slide_transition&quot;:&quot;fade&quot;}\">\n\t\t\t\t<div class=\"elementor-element elementor-element-af4e751 elementor-widget__width-inherit elementor-widget elementor-widget-heading\" data-id=\"af4e751\" data-element_type=\"widget\" data-widget_type=\"heading.default\">\n\t\t\t\t\t<h2 class=\"elementor-heading-title elementor-size-default\">lahamaka<br><br>your haven of calm<\/h2>\t\t\t\t<\/div>\n\t\t\t\t<div class=\"elementor-element elementor-element-ca7245d elementor-align-center elementor-widget elementor-widget-button\" data-id=\"ca7245d\" data-element_type=\"widget\" data-widget_type=\"button.default\">\n\t\t\t\t\t\t\t\t\t\t<a class=\"elementor-button elementor-button-link elementor-size-sm\" href=\"https:\/\/lamalakanerja.com\/en\/lacarta-de-lahamaka\/\">\n\t\t\t\t\t\t<span class=\"elementor-button-content-wrapper\">\n\t\t\t\t\t\t\t\t\t<span class=\"elementor-button-text\">MENU<\/span>\n\t\t\t\t\t<\/span>\n\t\t\t\t\t<\/a>\n\t\t\t\t\t\t\t\t<\/div>\n\t\t\t\t<\/div>\n\t\t<div class=\"elementor-element elementor-element-097d21c e-flex e-con-boxed e-con e-parent\" data-id=\"097d21c\" data-element_type=\"container\">\n\t\t\t\t\t<div class=\"e-con-inner\">\n\t\t\t\t<div class=\"elementor-element elementor-element-e5d3ea7 elementor-widget elementor-widget-spacer\" data-id=\"e5d3ea7\" data-element_type=\"widget\" data-widget_type=\"spacer.default\">\n\t\t\t\t\t\t\t<div class=\"elementor-spacer\">\n\t\t\t<div class=\"elementor-spacer-inner\"><\/div>\n\t\t<\/div>\n\t\t\t\t\t\t<\/div>\n\t\t\t\t\t<\/div>\n\t\t\t\t<\/div>\n\t\t<div class=\"elementor-element elementor-element-d0f851c elementor-hidden-desktop e-flex e-con-boxed e-con e-parent\" data-id=\"d0f851c\" data-element_type=\"container\">\n\t\t\t\t\t<div class=\"e-con-inner\">\n\t\t\t\t<div class=\"elementor-element elementor-element-e0068d4 elementor-widget elementor-widget-heading\" data-id=\"e0068d4\" data-element_type=\"widget\" data-widget_type=\"heading.default\">\n\t\t\t\t\t<h2 class=\"elementor-heading-title elementor-size-default\">lahamaka<\/h2>\t\t\t\t<\/div>\n\t\t<div class=\"elementor-element elementor-element-e8bea58 e-con-full e-flex e-con e-child\" data-id=\"e8bea58\" data-element_type=\"container\">\n\t\t\t\t<div class=\"elementor-element elementor-element-d53a732 elementor-widget elementor-widget-text-editor\" data-id=\"d53a732\" data-element_type=\"widget\" data-widget_type=\"text-editor.default\">\n\t\t\t\t\t\t\t\t\t<p>Your refuge in front of the sea.<\/p><p>Comfortable hammocks, gentle breezes and a service designed so that all you have to do is relax.<\/p><p><br data-start=\"266\" data-end=\"269\" \/>Disconnect, sunbathe and enjoy the Mediterranean from the best location in the Balcony of Europe.<\/p><p><br data-start=\"367\" data-end=\"370\" \/>At <strong data-start=\"373\" data-end=\"385\" data-is-only-node=\"\">LaHamaka<\/strong>your perfect day at the beach starts here.<\/p>\t\t\t\t\t\t\t\t<\/div>\n\t\t\t\t<\/div>\n\t\t\t\t\t<\/div>\n\t\t\t\t<\/div>\n\t\t<div class=\"elementor-element elementor-element-8154da5 e-grid elementor-hidden-tablet elementor-hidden-mobile e-con-boxed e-con e-parent\" data-id=\"8154da5\" data-element_type=\"container\">\n\t\t\t\t\t<div class=\"e-con-inner\">\n\t\t\t\t<div class=\"elementor-element elementor-element-e54d72c elementor-widget elementor-widget-heading\" data-id=\"e54d72c\" data-element_type=\"widget\" data-widget_type=\"heading.default\">\n\t\t\t\t\t<h2 class=\"elementor-heading-title elementor-size-default\">Your refuge in front of the sea.\n\nComfortable hammocks, gentle breezes and a service designed so that all you have to do is relax.\n\nDisconnect, sunbathe and enjoy the Mediterranean from the best location in the Balcony of Europe.\n\nAt LaHamaka, your perfect day at the beach starts here.<\/h2>\t\t\t\t<\/div>\n\t\t\t\t<div class=\"elementor-element elementor-element-4ef23c4 elementor-widget elementor-widget-image\" data-id=\"4ef23c4\" data-element_type=\"widget\" data-widget_type=\"image.default\">\n\t\t\t\t\t\t\t\t\t\t\t\t\t\t\t<img fetchpriority=\"high\" decoding=\"async\" width=\"1152\" height=\"2048\" src=\"https:\/\/lamalakanerja.com\/wp-content\/uploads\/Diseno-sin-titulo-3.jpg\" class=\"attachment-full size-full wp-image-1884\" alt=\"\" srcset=\"https:\/\/lamalakanerja.com\/wp-content\/uploads\/Diseno-sin-titulo-3.jpg 1152w, https:\/\/lamalakanerja.com\/wp-content\/uploads\/Diseno-sin-titulo-3-768x1365.jpg 768w, https:\/\/lamalakanerja.com\/wp-content\/uploads\/Diseno-sin-titulo-3-864x1536.jpg 864w, https:\/\/lamalakanerja.com\/wp-content\/uploads\/Diseno-sin-titulo-3-7x12.jpg 7w\" sizes=\"(max-width: 1152px) 100vw, 1152px\" \/>\t\t\t\t\t\t\t\t\t\t\t\t\t\t\t<\/div>\n\t\t\t\t<div class=\"elementor-element elementor-element-70b4586 elementor-widget elementor-widget-image\" data-id=\"70b4586\" data-element_type=\"widget\" data-widget_type=\"image.default\">\n\t\t\t\t\t\t\t\t\t\t\t\t\t\t\t<img decoding=\"async\" width=\"1152\" height=\"2048\" src=\"https:\/\/lamalakanerja.com\/wp-content\/uploads\/DSC05035-1.jpg\" class=\"attachment-large size-large wp-image-1882\" alt=\"\" srcset=\"https:\/\/lamalakanerja.com\/wp-content\/uploads\/DSC05035-1.jpg 1152w, https:\/\/lamalakanerja.com\/wp-content\/uploads\/DSC05035-1-768x1365.jpg 768w, https:\/\/lamalakanerja.com\/wp-content\/uploads\/DSC05035-1-864x1536.jpg 864w, https:\/\/lamalakanerja.com\/wp-content\/uploads\/DSC05035-1-7x12.jpg 7w\" sizes=\"(max-width: 1152px) 100vw, 1152px\" \/>\t\t\t\t\t\t\t\t\t\t\t\t\t\t\t<\/div>\n\t\t\t\t\t<\/div>\n\t\t\t\t<\/div>\n\t\t<div class=\"elementor-element elementor-element-afd5a88 e-flex e-con-boxed e-con e-parent\" data-id=\"afd5a88\" data-element_type=\"container\">\n\t\t\t\t\t<div class=\"e-con-inner\">\n\t\t\t\t<div class=\"elementor-element elementor-element-9451089 elementor-widget elementor-widget-spacer\" data-id=\"9451089\" data-element_type=\"widget\" data-widget_type=\"spacer.default\">\n\t\t\t\t\t\t\t<div class=\"elementor-spacer\">\n\t\t\t<div class=\"elementor-spacer-inner\"><\/div>\n\t\t<\/div>\n\t\t\t\t\t\t<\/div>\n\t\t\t\t<div class=\"elementor-element elementor-element-5d6a0b8 elementor-widget elementor-widget-heading\" data-id=\"5d6a0b8\" data-element_type=\"widget\" data-widget_type=\"heading.default\">\n\t\t\t\t\t<h2 class=\"elementor-heading-title elementor-size-default\">Relax by the sea<\/h2>\t\t\t\t<\/div>\n\t\t<div class=\"elementor-element elementor-element-439d4fb e-grid e-con-full e-con e-child\" data-id=\"439d4fb\" data-element_type=\"container\">\n\t\t\t\t<div class=\"elementor-element elementor-element-a773108 elementor-cta--skin-cover elementor-widget elementor-widget-call-to-action\" data-id=\"a773108\" data-element_type=\"widget\" data-widget_type=\"call-to-action.default\">\n\t\t\t\t\t\t\t<div class=\"elementor-cta\">\n\t\t\t\t\t<div class=\"elementor-cta__bg-wrapper\">\n\t\t\t\t<div class=\"elementor-cta__bg elementor-bg\" style=\"background-image: url(https:\/\/lamalakanerja.com\/wp-content\/uploads\/DSC06585-1.jpg);\" role=\"img\" aria-label=\"DSC06585\"><\/div>\n\t\t\t\t<div class=\"elementor-cta__bg-overlay\"><\/div>\n\t\t\t<\/div>\n\t\t\t\t\t\t\t<div class=\"elementor-cta__content\">\n\t\t\t\t\n\t\t\t\t\t\t\t\t\t<h2 class=\"elementor-cta__title elementor-cta__content-item elementor-content-item\">\n\t\t\t\t\t\tlahamaka\t\t\t\t\t<\/h2>\n\t\t\t\t\n\t\t\t\t\t\t\t\t\t<div class=\"elementor-cta__description elementor-cta__content-item elementor-content-item\">\n\t\t\t\t\t\tWhere those who enjoy living meet\t\t\t\t\t<\/div>\n\t\t\t\t\n\t\t\t\t\t\t\t\t\t<div class=\"elementor-cta__button-wrapper elementor-cta__content-item elementor-content-item\">\n\t\t\t\t\t<a class=\"elementor-cta__button elementor-button elementor-size-\" href=\"https:\/\/lamalakanerja.com\/en\/lacarta-de-lahamaka\/\">\n\t\t\t\t\t\tMENU\t\t\t\t\t<\/a>\n\t\t\t\t\t<\/div>\n\t\t\t\t\t\t\t<\/div>\n\t\t\t\t\t\t<\/div>\n\t\t\t\t\t\t<\/div>\n\t\t\t\t<\/div>\n\t\t\t\t\t<\/div>\n\t\t\t\t<\/div>\n\t\t<div class=\"elementor-element elementor-element-00f038f e-flex e-con-boxed e-con e-parent\" data-id=\"00f038f\" data-element_type=\"container\">\n\t\t\t\t\t<div class=\"e-con-inner\">\n\t\t\t\t<div class=\"elementor-element elementor-element-81d5c33 elementor-widget elementor-widget-spacer\" data-id=\"81d5c33\" data-element_type=\"widget\" data-widget_type=\"spacer.default\">\n\t\t\t\t\t\t\t<div class=\"elementor-spacer\">\n\t\t\t<div class=\"elementor-spacer-inner\"><\/div>\n\t\t<\/div>\n\t\t\t\t\t\t<\/div>\n\t\t\t\t\t<\/div>\n\t\t\t\t<\/div>\n\t\t<div class=\"elementor-element elementor-element-ef5acba e-flex e-con-boxed e-con e-parent\" data-id=\"ef5acba\" data-element_type=\"container\">\n\t\t\t\t\t<div class=\"e-con-inner\">\n\t\t\t\t<div class=\"elementor-element elementor-element-c750548 elementor-widget elementor-widget-heading\" data-id=\"c750548\" data-element_type=\"widget\" data-widget_type=\"heading.default\">\n\t\t\t\t\t<h2 class=\"elementor-heading-title elementor-size-default\">RESERVE<\/h2>\t\t\t\t<\/div>\n\t\t\t\t<div class=\"elementor-element elementor-element-fecd326 elementor-widget elementor-widget-shortcode\" data-id=\"fecd326\" data-element_type=\"widget\" data-widget_type=\"shortcode.default\">\n\t\t\t\t\t\t\t<div class=\"elementor-shortcode\"><script type=\"text\/javascript\" src=\"https:\/\/www.covermanager.com\/js\/iframeResizer\/iframeResizer.min.js\"><\/script>\n\n<div class=\"mi-iframe-es\">\n    <iframe id=\"la-malaca-nerja-beach-experience-es\" title=\"Reservations\"\n        src=\"https:\/\/www.covermanager.com\/reservation\/module_restaurant\/la-malaca-nerja-beach-experience\/spanish\"\n        allow=\"payment\" frameborder=\"0\" height=\"550\" width=\"100%\" onload=\"iFrameResize();\">\n    <\/iframe>\n<\/div>\n\n<div class=\"mi-iframe-en\">\n    <iframe id=\"la-malaca-nerja-beach-experience-en\" title=\"Reservations\"\n        src=\"https:\/\/www.covermanager.com\/reservation\/module_restaurant\/la-malaca-nerja-beach-experience\/english\"\n        allow=\"payment\" frameborder=\"0\" height=\"550\" width=\"100%\" onload=\"iFrameResize();\">\n    <\/iframe>\n<\/div><\/div>\n\t\t\t\t\t\t<\/div>\n\t\t\t\t\t<\/div>\n\t\t\t\t<\/div>\n\t\t\t\t<\/div>","protected":false},"excerpt":{"rendered":"<p>lahamaka your haven of calm CARTA lahamaka Your refuge in front of the sea. Comfortable hammocks, soft breeze and a service designed so that you only have to relax. Disconnect, sunbathe and enjoy the Mediterranean from the best location in the Balcony of Europe. At LaHamaka, your perfect day at the beach starts here. Your refuge in front of [...]<\/p>","protected":false},"author":7,"featured_media":0,"parent":0,"menu_order":0,"comment_status":"closed","ping_status":"closed","template":"","meta":{"footnotes":""},"class_list":["post-1818","page","type-page","status-publish","hentry"],"yoast_head":"<!-- This site is optimized with the Yoast SEO plugin v25.5 - https:\/\/yoast.com\/wordpress\/plugins\/seo\/ -->\n<title>LAHAMAKA - LaMalaka<\/title>\n<meta name=\"robots\" content=\"index, follow, max-snippet:-1, max-image-preview:large, max-video-preview:-1\" \/>\n<link rel=\"canonical\" href=\"https:\/\/lamalakanerja.com\/en\/lahamaka\/\" \/>\n<meta property=\"og:locale\" content=\"en_GB\" \/>\n<meta property=\"og:type\" content=\"article\" \/>\n<meta property=\"og:title\" content=\"LAHAMAKA - LaMalaka\" \/>\n<meta property=\"og:description\" content=\"lahamaka tu refugio de calma CARTA lahamaka Tu refugio frente al mar. Hamacas c\u00f3modas, brisa suave y un servicio pensado para que solo tengas que relajarte. Desconecta, toma el sol y disfruta del Mediterr\u00e1neo desde la mejor ubicaci\u00f3n del Balc\u00f3n de Europa. En LaHamaka, tu d\u00eda perfecto en la playa empieza aqu\u00ed. Tu refugio frente [&hellip;]\" \/>\n<meta property=\"og:url\" content=\"https:\/\/lamalakanerja.com\/en\/lahamaka\/\" \/>\n<meta property=\"og:site_name\" content=\"LaMalaka\" \/>\n<meta property=\"article:modified_time\" content=\"2026-04-06T12:02:51+00:00\" \/>\n<meta property=\"og:image\" content=\"https:\/\/lamalakanerja.com\/wp-content\/uploads\/Diseno-sin-titulo-3.jpg\" \/>\n\t<meta property=\"og:image:width\" content=\"1152\" \/>\n\t<meta property=\"og:image:height\" content=\"2048\" \/>\n\t<meta property=\"og:image:type\" content=\"image\/jpeg\" \/>\n<meta name=\"twitter:card\" content=\"summary_large_image\" \/>\n<meta name=\"twitter:label1\" content=\"Estimated reading time\" \/>\n\t<meta name=\"twitter:data1\" content=\"1 minute\" \/>\n<script type=\"application\/ld+json\" class=\"yoast-schema-graph\">{\"@context\":\"https:\/\/schema.org\",\"@graph\":[{\"@type\":\"WebPage\",\"@id\":\"https:\/\/lamalakanerja.com\/lahamaka\/\",\"url\":\"https:\/\/lamalakanerja.com\/lahamaka\/\",\"name\":\"LAHAMAKA - LaMalaka\",\"isPartOf\":{\"@id\":\"https:\/\/lamalakanerja.com\/#website\"},\"primaryImageOfPage\":{\"@id\":\"https:\/\/lamalakanerja.com\/lahamaka\/#primaryimage\"},\"image\":{\"@id\":\"https:\/\/lamalakanerja.com\/lahamaka\/#primaryimage\"},\"thumbnailUrl\":\"https:\/\/lamalakanerja.com\/wp-content\/uploads\/Diseno-sin-titulo-3.jpg\",\"datePublished\":\"2025-11-13T14:08:53+00:00\",\"dateModified\":\"2026-04-06T12:02:51+00:00\",\"breadcrumb\":{\"@id\":\"https:\/\/lamalakanerja.com\/lahamaka\/#breadcrumb\"},\"inLanguage\":\"en-GB\",\"potentialAction\":[{\"@type\":\"ReadAction\",\"target\":[\"https:\/\/lamalakanerja.com\/lahamaka\/\"]}]},{\"@type\":\"ImageObject\",\"inLanguage\":\"en-GB\",\"@id\":\"https:\/\/lamalakanerja.com\/lahamaka\/#primaryimage\",\"url\":\"https:\/\/lamalakanerja.com\/wp-content\/uploads\/Diseno-sin-titulo-3.jpg\",\"contentUrl\":\"https:\/\/lamalakanerja.com\/wp-content\/uploads\/Diseno-sin-titulo-3.jpg\"},{\"@type\":\"BreadcrumbList\",\"@id\":\"https:\/\/lamalakanerja.com\/lahamaka\/#breadcrumb\",\"itemListElement\":[{\"@type\":\"ListItem\",\"position\":1,\"name\":\"Portada\",\"item\":\"https:\/\/lamalakanerja.com\/\"},{\"@type\":\"ListItem\",\"position\":2,\"name\":\"LAHAMAKA\"}]},{\"@type\":\"WebSite\",\"@id\":\"https:\/\/lamalakanerja.com\/#website\",\"url\":\"https:\/\/lamalakanerja.com\/\",\"name\":\"LaMalaka\",\"description\":\"\",\"publisher\":{\"@id\":\"https:\/\/lamalakanerja.com\/#organization\"},\"potentialAction\":[{\"@type\":\"SearchAction\",\"target\":{\"@type\":\"EntryPoint\",\"urlTemplate\":\"https:\/\/lamalakanerja.com\/?s={search_term_string}\"},\"query-input\":{\"@type\":\"PropertyValueSpecification\",\"valueRequired\":true,\"valueName\":\"search_term_string\"}}],\"inLanguage\":\"en-GB\"},{\"@type\":\"Organization\",\"@id\":\"https:\/\/lamalakanerja.com\/#organization\",\"name\":\"LaMalaka\",\"url\":\"https:\/\/lamalakanerja.com\/\",\"logo\":{\"@type\":\"ImageObject\",\"inLanguage\":\"en-GB\",\"@id\":\"https:\/\/lamalakanerja.com\/#\/schema\/logo\/image\/\",\"url\":\"https:\/\/lamalakanerja.com\/wp-content\/uploads\/lamalaka-logo.svg\",\"contentUrl\":\"https:\/\/lamalakanerja.com\/wp-content\/uploads\/lamalaka-logo.svg\",\"width\":500,\"height\":51,\"caption\":\"LaMalaka\"},\"image\":{\"@id\":\"https:\/\/lamalakanerja.com\/#\/schema\/logo\/image\/\"}}]}<\/script>\n<!-- \/ Yoast SEO plugin. -->","yoast_head_json":{"title":"LAHAMAKA - LaMalaka","robots":{"index":"index","follow":"follow","max-snippet":"max-snippet:-1","max-image-preview":"max-image-preview:large","max-video-preview":"max-video-preview:-1"},"canonical":"https:\/\/lamalakanerja.com\/en\/lahamaka\/","og_locale":"en_GB","og_type":"article","og_title":"LAHAMAKA - LaMalaka","og_description":"lahamaka tu refugio de calma CARTA lahamaka Tu refugio frente al mar. Hamacas c\u00f3modas, brisa suave y un servicio pensado para que solo tengas que relajarte. Desconecta, toma el sol y disfruta del Mediterr\u00e1neo desde la mejor ubicaci\u00f3n del Balc\u00f3n de Europa. En LaHamaka, tu d\u00eda perfecto en la playa empieza aqu\u00ed. Tu refugio frente [&hellip;]","og_url":"https:\/\/lamalakanerja.com\/en\/lahamaka\/","og_site_name":"LaMalaka","article_modified_time":"2026-04-06T12:02:51+00:00","og_image":[{"width":1152,"height":2048,"url":"https:\/\/lamalakanerja.com\/wp-content\/uploads\/Diseno-sin-titulo-3.jpg","type":"image\/jpeg"}],"twitter_card":"summary_large_image","twitter_misc":{"Estimated reading time":"1 minute"},"schema":{"@context":"https:\/\/schema.org","@graph":[{"@type":"WebPage","@id":"https:\/\/lamalakanerja.com\/lahamaka\/","url":"https:\/\/lamalakanerja.com\/lahamaka\/","name":"LAHAMAKA - LaMalaka","isPartOf":{"@id":"https:\/\/lamalakanerja.com\/#website"},"primaryImageOfPage":{"@id":"https:\/\/lamalakanerja.com\/lahamaka\/#primaryimage"},"image":{"@id":"https:\/\/lamalakanerja.com\/lahamaka\/#primaryimage"},"thumbnailUrl":"https:\/\/lamalakanerja.com\/wp-content\/uploads\/Diseno-sin-titulo-3.jpg","datePublished":"2025-11-13T14:08:53+00:00","dateModified":"2026-04-06T12:02:51+00:00","breadcrumb":{"@id":"https:\/\/lamalakanerja.com\/lahamaka\/#breadcrumb"},"inLanguage":"en-GB","potentialAction":[{"@type":"ReadAction","target":["https:\/\/lamalakanerja.com\/lahamaka\/"]}]},{"@type":"ImageObject","inLanguage":"en-GB","@id":"https:\/\/lamalakanerja.com\/lahamaka\/#primaryimage","url":"https:\/\/lamalakanerja.com\/wp-content\/uploads\/Diseno-sin-titulo-3.jpg","contentUrl":"https:\/\/lamalakanerja.com\/wp-content\/uploads\/Diseno-sin-titulo-3.jpg"},{"@type":"BreadcrumbList","@id":"https:\/\/lamalakanerja.com\/lahamaka\/#breadcrumb","itemListElement":[{"@type":"ListItem","position":1,"name":"Portada","item":"https:\/\/lamalakanerja.com\/"},{"@type":"ListItem","position":2,"name":"LAHAMAKA"}]},{"@type":"WebSite","@id":"https:\/\/lamalakanerja.com\/#website","url":"https:\/\/lamalakanerja.com\/","name":"LaMalaka","description":"","publisher":{"@id":"https:\/\/lamalakanerja.com\/#organization"},"potentialAction":[{"@type":"SearchAction","target":{"@type":"EntryPoint","urlTemplate":"https:\/\/lamalakanerja.com\/?s={search_term_string}"},"query-input":{"@type":"PropertyValueSpecification","valueRequired":true,"valueName":"search_term_string"}}],"inLanguage":"en-GB"},{"@type":"Organization","@id":"https:\/\/lamalakanerja.com\/#organization","name":"LaMalaka","url":"https:\/\/lamalakanerja.com\/","logo":{"@type":"ImageObject","inLanguage":"en-GB","@id":"https:\/\/lamalakanerja.com\/#\/schema\/logo\/image\/","url":"https:\/\/lamalakanerja.com\/wp-content\/uploads\/lamalaka-logo.svg","contentUrl":"https:\/\/lamalakanerja.com\/wp-content\/uploads\/lamalaka-logo.svg","width":500,"height":51,"caption":"LaMalaka"},"image":{"@id":"https:\/\/lamalakanerja.com\/#\/schema\/logo\/image\/"}}]}},"_links":{"self":[{"href":"https:\/\/lamalakanerja.com\/en\/wp-json\/wp\/v2\/pages\/1818","targetHints":{"allow":["GET"]}}],"collection":[{"href":"https:\/\/lamalakanerja.com\/en\/wp-json\/wp\/v2\/pages"}],"about":[{"href":"https:\/\/lamalakanerja.com\/en\/wp-json\/wp\/v2\/types\/page"}],"author":[{"embeddable":true,"href":"https:\/\/lamalakanerja.com\/en\/wp-json\/wp\/v2\/users\/7"}],"replies":[{"embeddable":true,"href":"https:\/\/lamalakanerja.com\/en\/wp-json\/wp\/v2\/comments?post=1818"}],"version-history":[{"count":0,"href":"https:\/\/lamalakanerja.com\/en\/wp-json\/wp\/v2\/pages\/1818\/revisions"}],"wp:attachment":[{"href":"https:\/\/lamalakanerja.com\/en\/wp-json\/wp\/v2\/media?parent=1818"}],"curies":[{"name":"wp","href":"https:\/\/api.w.org\/{rel}","templated":true}]}}