{"id":1839,"date":"2025-11-13T18:44:26","date_gmt":"2025-11-13T17:44:26","guid":{"rendered":"https:\/\/lamalakanerja.com\/?page_id=1839"},"modified":"2026-04-06T09:07:57","modified_gmt":"2026-04-06T07:07:57","slug":"reservas","status":"publish","type":"page","link":"https:\/\/lamalakanerja.com\/de\/reservas\/","title":{"rendered":"RESERVIERUNGEN"},"content":{"rendered":"<div data-elementor-type=\"wp-page\" data-elementor-id=\"1839\" class=\"elementor elementor-1839\" data-elementor-post-type=\"page\">\n\t\t\t\t<div class=\"elementor-element elementor-element-bc2748f e-con-full e-flex e-con e-parent\" data-id=\"bc2748f\" data-element_type=\"container\" data-settings=\"{&quot;background_background&quot;:&quot;slideshow&quot;,&quot;background_slideshow_gallery&quot;:[{&quot;id&quot;:1756,&quot;url&quot;:&quot;https:\\\/\\\/lamalakanerja.com\\\/wp-content\\\/uploads\\\/DSC06587.jpg&quot;},{&quot;id&quot;:1717,&quot;url&quot;:&quot;https:\\\/\\\/lamalakanerja.com\\\/wp-content\\\/uploads\\\/DSC04564.jpg&quot;},{&quot;id&quot;:1730,&quot;url&quot;:&quot;https:\\\/\\\/lamalakanerja.com\\\/wp-content\\\/uploads\\\/DSC05258.jpg&quot;},{&quot;id&quot;:1755,&quot;url&quot;:&quot;https:\\\/\\\/lamalakanerja.com\\\/wp-content\\\/uploads\\\/DSC06585-1.jpg&quot;}],&quot;background_slideshow_transition_duration&quot;:350,&quot;background_slideshow_loop&quot;:&quot;yes&quot;,&quot;background_slideshow_slide_duration&quot;:5000,&quot;background_slideshow_slide_transition&quot;:&quot;fade&quot;}\">\n\t\t\t\t<div class=\"elementor-element elementor-element-af4e751 elementor-widget__width-inherit elementor-widget elementor-widget-heading\" data-id=\"af4e751\" data-element_type=\"widget\" data-widget_type=\"heading.default\">\n\t\t\t\t\t<h2 class=\"elementor-heading-title elementor-size-default\">IMMER AN DER STRANDPROMENADE<\/h2>\t\t\t\t<\/div>\n\t\t\t\t<\/div>\n\t\t<div class=\"elementor-element elementor-element-097d21c e-flex e-con-boxed e-con e-parent\" data-id=\"097d21c\" data-element_type=\"container\">\n\t\t\t\t\t<div class=\"e-con-inner\">\n\t\t\t\t<div class=\"elementor-element elementor-element-e5d3ea7 elementor-widget elementor-widget-spacer\" data-id=\"e5d3ea7\" data-element_type=\"widget\" data-widget_type=\"spacer.default\">\n\t\t\t\t\t\t\t<div class=\"elementor-spacer\">\n\t\t\t<div class=\"elementor-spacer-inner\"><\/div>\n\t\t<\/div>\n\t\t\t\t\t\t<\/div>\n\t\t\t\t<div class=\"elementor-element elementor-element-9990b88 elementor-widget elementor-widget-heading\" data-id=\"9990b88\" data-element_type=\"widget\" data-widget_type=\"heading.default\">\n\t\t\t\t\t<h2 class=\"elementor-heading-title elementor-size-default\">FINDEN SIE UNS<\/h2>\t\t\t\t<\/div>\n\t\t\t\t<div class=\"elementor-element elementor-element-9582660 elementor-widget elementor-widget-spacer\" data-id=\"9582660\" data-element_type=\"widget\" data-widget_type=\"spacer.default\">\n\t\t\t\t\t\t\t<div class=\"elementor-spacer\">\n\t\t\t<div class=\"elementor-spacer-inner\"><\/div>\n\t\t<\/div>\n\t\t\t\t\t\t<\/div>\n\t\t<div class=\"elementor-element elementor-element-98da178 e-grid e-con-full e-con e-child\" data-id=\"98da178\" data-element_type=\"container\">\n\t\t\t\t<div class=\"elementor-element elementor-element-36f904a elementor-widget elementor-widget-google_maps\" data-id=\"36f904a\" data-element_type=\"widget\" data-widget_type=\"google_maps.default\">\n\t\t\t\t\t\t\t<div class=\"elementor-custom-embed\">\n\t\t\t<iframe loading=\"lazy\"\n\t\t\t\t\tsrc=\"https:\/\/maps.google.com\/maps?q=lAMALAKA&#038;t=m&#038;z=16&#038;output=embed&#038;iwloc=near\"\n\t\t\t\t\ttitle=\"lAMALAKA\"\n\t\t\t\t\taria-label=\"lAMALAKA\"\n\t\t\t><\/iframe>\n\t\t<\/div>\n\t\t\t\t\t\t<\/div>\n\t\t\t\t<div class=\"elementor-element elementor-element-9da38c8 elementor-widget elementor-widget-text-editor\" data-id=\"9da38c8\" data-element_type=\"widget\" data-widget_type=\"text-editor.default\">\n\t\t\t\t\t\t\t\t\t<p data-start=\"422\" data-end=\"497\"><strong data-start=\"422\" data-end=\"438\">Adresse<\/strong><br data-start=\"438\" data-end=\"441\" \/>Balc\u00f3n de Europa, Nerja (Malaga)<\/p><p data-start=\"499\" data-end=\"532\"><strong data-start=\"499\" data-end=\"514\">Telefon<\/strong><br data-start=\"514\" data-end=\"517\" \/>+34 659 34 14 57<\/p><p data-start=\"534\" data-end=\"566\"><strong data-start=\"534\" data-end=\"546\">E-Mail<\/strong><br data-start=\"546\" data-end=\"549\" \/>reservas@lamalakanerja.com<\/p><p data-start=\"534\" data-end=\"566\"><strong data-start=\"568\" data-end=\"582\">\u00a0Fahrplan<\/strong><br data-start=\"582\" data-end=\"585\" \/>Montag bis Sonntag<br data-start=\"603\" data-end=\"606\" \/>Fr\u00fchst\u00fccke | Mittagessen | Abendessen | Getr\u00e4nke<\/p><p data-start=\"534\" data-end=\"566\">10:00 &#8211; 20:30<\/p><p data-start=\"534\" data-end=\"566\">K\u00fcche: 10:00 \u2013 19:30<\/p><p data-start=\"534\" data-end=\"566\">FR\u00dcHST\u00dcCK: 10:00 - 12:00<\/p><p data-start=\"534\" data-end=\"566\">H\u00e4ngematten und balinesische Betten: 10:00h - 18:00h<\/p>\t\t\t\t\t\t\t\t<\/div>\n\t\t\t\t<\/div>\n\t\t\t\t\t<\/div>\n\t\t\t\t<\/div>\n\t\t<div class=\"elementor-element elementor-element-00f038f e-flex e-con-boxed e-con e-parent\" data-id=\"00f038f\" data-element_type=\"container\">\n\t\t\t\t\t<div class=\"e-con-inner\">\n\t\t\t\t<div class=\"elementor-element elementor-element-81d5c33 elementor-widget elementor-widget-spacer\" data-id=\"81d5c33\" data-element_type=\"widget\" data-widget_type=\"spacer.default\">\n\t\t\t\t\t\t\t<div class=\"elementor-spacer\">\n\t\t\t<div class=\"elementor-spacer-inner\"><\/div>\n\t\t<\/div>\n\t\t\t\t\t\t<\/div>\n\t\t\t\t\t<\/div>\n\t\t\t\t<\/div>\n\t\t<div class=\"elementor-element elementor-element-ef5acba e-flex e-con-boxed e-con e-parent\" data-id=\"ef5acba\" data-element_type=\"container\">\n\t\t\t\t\t<div class=\"e-con-inner\">\n\t\t\t\t<div class=\"elementor-element elementor-element-c750548 elementor-widget elementor-widget-heading\" data-id=\"c750548\" data-element_type=\"widget\" data-widget_type=\"heading.default\">\n\t\t\t\t\t<h2 class=\"elementor-heading-title elementor-size-default\">RESERVIEREN<\/h2>\t\t\t\t<\/div>\n\t\t\t\t<div class=\"elementor-element elementor-element-fecd326 elementor-widget elementor-widget-shortcode\" data-id=\"fecd326\" data-element_type=\"widget\" data-widget_type=\"shortcode.default\">\n\t\t\t\t\t\t\t<div class=\"elementor-shortcode\"><script type=\"text\/javascript\" src=\"https:\/\/www.covermanager.com\/js\/iframeResizer\/iframeResizer.min.js\"><\/script>\n\n<div class=\"mi-iframe-es\">\n    <iframe id=\"la-malaca-nerja-beach-experience-es\" title=\"Reservierungen\"\n        src=\"https:\/\/www.covermanager.com\/reservation\/module_restaurant\/la-malaca-nerja-beach-experience\/spanish\"\n        allow=\"payment\" frameborder=\"0\" height=\"550\" width=\"100%\" onload=\"iFrameResize();\">\n    <\/iframe>\n<\/div>\n\n<div class=\"mi-iframe-en\">\n    <iframe id=\"la-malaca-nerja-beach-experience-en\" title=\"Reservierungen\"\n        src=\"https:\/\/www.covermanager.com\/reservation\/module_restaurant\/la-malaca-nerja-beach-experience\/english\"\n        allow=\"payment\" frameborder=\"0\" height=\"550\" width=\"100%\" onload=\"iFrameResize();\">\n    <\/iframe>\n<\/div><\/div>\n\t\t\t\t\t\t<\/div>\n\t\t\t\t\t<\/div>\n\t\t\t\t<\/div>\n\t\t\t\t<\/div>","protected":false},"excerpt":{"rendered":"<p>IMMER MIT BLICK AUF DAS MEER FINDEN SIE UNS AdresseBalc\u00f3n de Europa, Nerja (M\u00e1laga) Telefon+34 659 34 14 57 E-Mailreservas@lamalakanerja.com \u00d6ffnungszeitenMontag bis SonntagFr\u00fchst\u00fcck | Mittagessen | Abendessen | Getr\u00e4nke 10:00 \u2013 20:30 K\u00fcche: 10:00 \u2013 19:30 FR\u00dcHST\u00dcCK: 10:00 \u2013 12:00 H\u00e4ngematten und balinesische Betten: 10:00 \u2013 18:00 RESERVIERUNG<\/p>","protected":false},"author":7,"featured_media":0,"parent":0,"menu_order":0,"comment_status":"closed","ping_status":"closed","template":"","meta":{"footnotes":""},"class_list":["post-1839","page","type-page","status-publish","hentry"],"yoast_head":"<!-- This site is optimized with the Yoast SEO plugin v25.5 - https:\/\/yoast.com\/wordpress\/plugins\/seo\/ -->\n<title>RESERVAS - LaMalaka<\/title>\n<meta name=\"robots\" content=\"index, follow, max-snippet:-1, max-image-preview:large, max-video-preview:-1\" \/>\n<link rel=\"canonical\" href=\"https:\/\/lamalakanerja.com\/de\/reservas\/\" \/>\n<meta property=\"og:locale\" content=\"de_DE\" \/>\n<meta property=\"og:type\" content=\"article\" \/>\n<meta property=\"og:title\" content=\"RESERVAS - LaMalaka\" \/>\n<meta property=\"og:description\" content=\"sIEMPRE FRENTE AL MAR ENCU\u00c9NTRANOS Direcci\u00f3nBalc\u00f3n de Europa, Nerja (M\u00e1laga) Tel\u00e9fono+34 659 34 14 57 Emailreservas@lamalakanerja.com \u00a0HorarioDe lunes a domingoDesayunos | Almuerzos | Cenas | Copas 10:00 &#8211; 20:30 Cocina: 10:00 &#8211; 19:30 DESAYUNO: 10:00 &#8211; 12:00 Hamacas y camas balineas: 10:00h &#8211; 18:00h RESERVA\" \/>\n<meta property=\"og:url\" content=\"https:\/\/lamalakanerja.com\/de\/reservas\/\" \/>\n<meta property=\"og:site_name\" content=\"LaMalaka\" \/>\n<meta property=\"article:modified_time\" content=\"2026-04-06T07:07:57+00:00\" \/>\n<meta name=\"twitter:card\" content=\"summary_large_image\" \/>\n<meta name=\"twitter:label1\" content=\"Gesch\u00e4tzte Lesezeit\" \/>\n\t<meta name=\"twitter:data1\" content=\"1\u00a0Minute\" \/>\n<script type=\"application\/ld+json\" class=\"yoast-schema-graph\">{\"@context\":\"https:\/\/schema.org\",\"@graph\":[{\"@type\":\"WebPage\",\"@id\":\"https:\/\/lamalakanerja.com\/reservas\/\",\"url\":\"https:\/\/lamalakanerja.com\/reservas\/\",\"name\":\"RESERVAS - LaMalaka\",\"isPartOf\":{\"@id\":\"https:\/\/lamalakanerja.com\/#website\"},\"datePublished\":\"2025-11-13T17:44:26+00:00\",\"dateModified\":\"2026-04-06T07:07:57+00:00\",\"breadcrumb\":{\"@id\":\"https:\/\/lamalakanerja.com\/reservas\/#breadcrumb\"},\"inLanguage\":\"de\",\"potentialAction\":[{\"@type\":\"ReadAction\",\"target\":[\"https:\/\/lamalakanerja.com\/reservas\/\"]}]},{\"@type\":\"BreadcrumbList\",\"@id\":\"https:\/\/lamalakanerja.com\/reservas\/#breadcrumb\",\"itemListElement\":[{\"@type\":\"ListItem\",\"position\":1,\"name\":\"Portada\",\"item\":\"https:\/\/lamalakanerja.com\/\"},{\"@type\":\"ListItem\",\"position\":2,\"name\":\"RESERVAS\"}]},{\"@type\":\"WebSite\",\"@id\":\"https:\/\/lamalakanerja.com\/#website\",\"url\":\"https:\/\/lamalakanerja.com\/\",\"name\":\"LaMalaka\",\"description\":\"\",\"publisher\":{\"@id\":\"https:\/\/lamalakanerja.com\/#organization\"},\"potentialAction\":[{\"@type\":\"SearchAction\",\"target\":{\"@type\":\"EntryPoint\",\"urlTemplate\":\"https:\/\/lamalakanerja.com\/?s={search_term_string}\"},\"query-input\":{\"@type\":\"PropertyValueSpecification\",\"valueRequired\":true,\"valueName\":\"search_term_string\"}}],\"inLanguage\":\"de\"},{\"@type\":\"Organization\",\"@id\":\"https:\/\/lamalakanerja.com\/#organization\",\"name\":\"LaMalaka\",\"url\":\"https:\/\/lamalakanerja.com\/\",\"logo\":{\"@type\":\"ImageObject\",\"inLanguage\":\"de\",\"@id\":\"https:\/\/lamalakanerja.com\/#\/schema\/logo\/image\/\",\"url\":\"https:\/\/lamalakanerja.com\/wp-content\/uploads\/lamalaka-logo.svg\",\"contentUrl\":\"https:\/\/lamalakanerja.com\/wp-content\/uploads\/lamalaka-logo.svg\",\"width\":500,\"height\":51,\"caption\":\"LaMalaka\"},\"image\":{\"@id\":\"https:\/\/lamalakanerja.com\/#\/schema\/logo\/image\/\"}}]}<\/script>\n<!-- \/ Yoast SEO plugin. -->","yoast_head_json":{"title":"RESERVAS - LaMalaka","robots":{"index":"index","follow":"follow","max-snippet":"max-snippet:-1","max-image-preview":"max-image-preview:large","max-video-preview":"max-video-preview:-1"},"canonical":"https:\/\/lamalakanerja.com\/de\/reservas\/","og_locale":"de_DE","og_type":"article","og_title":"RESERVAS - LaMalaka","og_description":"sIEMPRE FRENTE AL MAR ENCU\u00c9NTRANOS Direcci\u00f3nBalc\u00f3n de Europa, Nerja (M\u00e1laga) Tel\u00e9fono+34 659 34 14 57 Emailreservas@lamalakanerja.com \u00a0HorarioDe lunes a domingoDesayunos | Almuerzos | Cenas | Copas 10:00 &#8211; 20:30 Cocina: 10:00 &#8211; 19:30 DESAYUNO: 10:00 &#8211; 12:00 Hamacas y camas balineas: 10:00h &#8211; 18:00h RESERVA","og_url":"https:\/\/lamalakanerja.com\/de\/reservas\/","og_site_name":"LaMalaka","article_modified_time":"2026-04-06T07:07:57+00:00","twitter_card":"summary_large_image","twitter_misc":{"Gesch\u00e4tzte Lesezeit":"1\u00a0Minute"},"schema":{"@context":"https:\/\/schema.org","@graph":[{"@type":"WebPage","@id":"https:\/\/lamalakanerja.com\/reservas\/","url":"https:\/\/lamalakanerja.com\/reservas\/","name":"RESERVAS - LaMalaka","isPartOf":{"@id":"https:\/\/lamalakanerja.com\/#website"},"datePublished":"2025-11-13T17:44:26+00:00","dateModified":"2026-04-06T07:07:57+00:00","breadcrumb":{"@id":"https:\/\/lamalakanerja.com\/reservas\/#breadcrumb"},"inLanguage":"de","potentialAction":[{"@type":"ReadAction","target":["https:\/\/lamalakanerja.com\/reservas\/"]}]},{"@type":"BreadcrumbList","@id":"https:\/\/lamalakanerja.com\/reservas\/#breadcrumb","itemListElement":[{"@type":"ListItem","position":1,"name":"Portada","item":"https:\/\/lamalakanerja.com\/"},{"@type":"ListItem","position":2,"name":"RESERVAS"}]},{"@type":"WebSite","@id":"https:\/\/lamalakanerja.com\/#website","url":"https:\/\/lamalakanerja.com\/","name":"LaMalaka","description":"","publisher":{"@id":"https:\/\/lamalakanerja.com\/#organization"},"potentialAction":[{"@type":"SearchAction","target":{"@type":"EntryPoint","urlTemplate":"https:\/\/lamalakanerja.com\/?s={search_term_string}"},"query-input":{"@type":"PropertyValueSpecification","valueRequired":true,"valueName":"search_term_string"}}],"inLanguage":"de"},{"@type":"Organization","@id":"https:\/\/lamalakanerja.com\/#organization","name":"LaMalaka","url":"https:\/\/lamalakanerja.com\/","logo":{"@type":"ImageObject","inLanguage":"de","@id":"https:\/\/lamalakanerja.com\/#\/schema\/logo\/image\/","url":"https:\/\/lamalakanerja.com\/wp-content\/uploads\/lamalaka-logo.svg","contentUrl":"https:\/\/lamalakanerja.com\/wp-content\/uploads\/lamalaka-logo.svg","width":500,"height":51,"caption":"LaMalaka"},"image":{"@id":"https:\/\/lamalakanerja.com\/#\/schema\/logo\/image\/"}}]}},"_links":{"self":[{"href":"https:\/\/lamalakanerja.com\/de\/wp-json\/wp\/v2\/pages\/1839","targetHints":{"allow":["GET"]}}],"collection":[{"href":"https:\/\/lamalakanerja.com\/de\/wp-json\/wp\/v2\/pages"}],"about":[{"href":"https:\/\/lamalakanerja.com\/de\/wp-json\/wp\/v2\/types\/page"}],"author":[{"embeddable":true,"href":"https:\/\/lamalakanerja.com\/de\/wp-json\/wp\/v2\/users\/7"}],"replies":[{"embeddable":true,"href":"https:\/\/lamalakanerja.com\/de\/wp-json\/wp\/v2\/comments?post=1839"}],"version-history":[{"count":0,"href":"https:\/\/lamalakanerja.com\/de\/wp-json\/wp\/v2\/pages\/1839\/revisions"}],"wp:attachment":[{"href":"https:\/\/lamalakanerja.com\/de\/wp-json\/wp\/v2\/media?parent=1839"}],"curies":[{"name":"wp","href":"https:\/\/api.w.org\/{rel}","templated":true}]}}